{"id":1966,"date":"2026-02-04T10:43:01","date_gmt":"2026-02-04T10:43:01","guid":{"rendered":"https:\/\/www.hostalsatuna.com\/?page_id=1966"},"modified":"2026-02-04T10:43:01","modified_gmt":"2026-02-04T10:43:01","slug":"cartes-cadeaux-satuna","status":"publish","type":"page","link":"https:\/\/www.hostalsatuna.com\/fr\/cartes-cadeaux-satuna\/","title":{"rendered":"Cartes cadeaux"},"content":{"rendered":"<\/div><\/div><\/div><!-- close content main div --><\/div><\/div><div id='av_section_1' class='avia-section main_color avia-section-default avia-no-shadow avia-full-stretch avia-bg-style-scroll   av-minimum-height av-minimum-height-custom container_wrap fullsize' style = 'background-repeat: no-repeat; background-image: url(https:\/\/i0.wp.com\/www.hostalsatuna.com\/wp-content\/uploads\/2018\/03\/menjador-004-big.jpg?fit=1300%2C780&ssl=1);background-attachment: scroll; background-position: center center; ' data-section-bg-repeat='stretch' ><div class='container' style='height:250px'><div class='template-page content  av-content-full alpha units'><div class='post-entry post-entry-type-page post-entry-1966'><div class='entry-content-wrapper clearfix'>\n<\/div><\/div><\/div><!-- close content main div --><\/div><\/div><div id='av_section_2' class='avia-section main_color avia-section-huge avia-no-border-styling avia-full-contain avia-bg-style-scroll   av-arrow-down-section container_wrap fullsize' style = 'background-repeat: no-repeat; background-image: url(https:\/\/i0.wp.com\/www.hostalsatuna.com\/wp-content\/uploads\/2015\/07\/ornament-bg-top-small-1.png?fit=1500%2C190&ssl=1);background-attachment: scroll; background-position: top center; ' data-section-bg-repeat='contain' ><div class='container' ><div class='template-page content  av-content-full alpha units'><div class='post-entry post-entry-type-page post-entry-1966'><div class='entry-content-wrapper clearfix'>\n<div class=\"flex_column av_one_full  flex_column_div first  \" style='margin-top:-200px; margin-bottom:0px; background: #ffffff; padding:30px; background-color:#ffffff; border-radius:0px; '><div style='padding-bottom:20px; font-size:40px;' class='av-special-heading av-special-heading-h1  blockquote modern-quote modern-centered   av-inherit-size '><h1 class='av-special-heading-tag '  itemprop=\"headline\"  >Cartes cadeaux<\/h1><div class='special-heading-border'><div class='special-heading-inner-border' ><\/div><\/div><\/div><\/div><div style=' margin-top:0px; margin-bottom:70px;'  class='hr hr-custom hr-center hr-icon-yes  av-desktop-hide av-medium-hide av-small-hide av-mini-hide '><span class='hr-inner   inner-border-av-border-fat' style=' width:50px; border-color:#f8f8f8;' ><span class='hr-inner-style'><\/span><\/span><span class='av-seperator-icon' style='color:#e5c80c;' aria-hidden='true' data-av_icon='\ue8ce' data-av_iconfont='entypo-fontello'><\/span><span class='hr-inner   inner-border-av-border-fat' style=' width:50px; border-color:#f8f8f8;' ><span class='hr-inner-style'><\/span><\/span><\/div>\n<div class=\"flex_column av_one_full  av-animated-generic bottom-to-top  flex_column_div av-zero-column-padding first  \" style='margin-top:-100px; margin-bottom:-100px; border-radius:0px; '><section class=\"av_textblock_section \"  itemscope=\"itemscope\" itemtype=\"https:\/\/schema.org\/CreativeWork\" ><div class='avia_textblock  '   itemprop=\"text\" ><section class=\"av_textblock_section \">\n<p data-start=\"2207\" data-end=\"2435\">Offrez un cadeau unique face \u00e0 la mer. Nos cartes cadeaux sont pens\u00e9es pour partager des moments inoubliables \u00e0 l\u2019Hostal Sa Tuna. S\u00e9jours de charme, gastronomie et exp\u00e9riences \u00e0 savourer sans se presser dans un cadre privil\u00e9gi\u00e9.<\/p>\n<p data-start=\"2437\" data-end=\"2462\">\u2728 <strong data-start=\"2439\" data-end=\"2462\">Comment \u00e7a marche ?<\/strong><\/p>\n<ul data-start=\"2463\" data-end=\"2701\">\n<li data-start=\"2463\" data-end=\"2544\">\n<p data-start=\"2465\" data-end=\"2544\">Choisissez l\u2019exp\u00e9rience qui vous convient<\/p>\n<\/li>\n<li data-start=\"2545\" data-end=\"2583\">\n<p data-start=\"2547\" data-end=\"2583\">Recevez un bon cadeau personnalis\u00e9<\/p>\n<\/li>\n<li data-start=\"2584\" data-end=\"2701\">\n<p data-start=\"2586\" data-end=\"2701\">Offrez-le \u00e0 qui vous voulez : id\u00e9al pour les anniversaires, les c\u00e9l\u00e9brations sp\u00e9ciales ou les escapades improvis\u00e9es<\/p>\n<\/li>\n<\/ul>\n<\/section>\n<\/div><\/section><br \/>\n<div style='height:50px' class='hr hr-invisible  '><span class='hr-inner ' ><span class='hr-inner-style'><\/span><\/span><\/div><br \/>\n<section class=\"avia_codeblock_section  avia_code_block_0\"  itemscope=\"itemscope\" itemtype=\"https:\/\/schema.org\/CreativeWork\" ><div class='avia_codeblock '  itemprop=\"text\" > [avia_codeblock_placeholder uid=\"0\"] <\/div><\/section><\/p><\/div><\/div><\/div><\/div><!-- close content main div --><\/div><div class='av-extra-border-element border-extra-arrow-down'><div class='av-extra-border-outer'><div class='av-extra-border-inner'  style='background-color:#ffffff;' ><\/div><\/div><\/div><\/div><div id='av_section_3' class='avia-section main_color avia-section-default avia-no-border-styling avia-full-stretch avia-bg-style-fixed   av-minimum-height av-minimum-height-custom container_wrap fullsize' style = 'background-repeat: no-repeat; background-image: url(https:\/\/i0.wp.com\/www.hostalsatuna.com\/wp-content\/uploads\/2018\/03\/menjador007-big.jpg?fit=1300%2C780&ssl=1);background-attachment: fixed; background-position: center center; ' data-section-bg-repeat='stretch' ><div class='container' style='height:400px'><div class='template-page content  av-content-full alpha units'><div class='post-entry post-entry-type-page post-entry-1966'><div class='entry-content-wrapper clearfix'><\/p>\n","protected":false},"excerpt":{"rendered":"","protected":false},"author":1,"featured_media":0,"parent":0,"menu_order":0,"comment_status":"closed","ping_status":"closed","template":"","meta":{"jetpack_post_was_ever_published":false,"footnotes":""},"aioseo_notices":[],"jetpack_sharing_enabled":true,"jetpack_shortlink":"https:\/\/wp.me\/P9Mp5Z-vI","_links":{"self":[{"href":"https:\/\/www.hostalsatuna.com\/fr\/wp-json\/wp\/v2\/pages\/1966"}],"collection":[{"href":"https:\/\/www.hostalsatuna.com\/fr\/wp-json\/wp\/v2\/pages"}],"about":[{"href":"https:\/\/www.hostalsatuna.com\/fr\/wp-json\/wp\/v2\/types\/page"}],"author":[{"embeddable":true,"href":"https:\/\/www.hostalsatuna.com\/fr\/wp-json\/wp\/v2\/users\/1"}],"replies":[{"embeddable":true,"href":"https:\/\/www.hostalsatuna.com\/fr\/wp-json\/wp\/v2\/comments?post=1966"}],"version-history":[{"count":5,"href":"https:\/\/www.hostalsatuna.com\/fr\/wp-json\/wp\/v2\/pages\/1966\/revisions"}],"predecessor-version":[{"id":1987,"href":"https:\/\/www.hostalsatuna.com\/fr\/wp-json\/wp\/v2\/pages\/1966\/revisions\/1987"}],"wp:attachment":[{"href":"https:\/\/www.hostalsatuna.com\/fr\/wp-json\/wp\/v2\/media?parent=1966"}],"curies":[{"name":"wp","href":"https:\/\/api.w.org\/{rel}","templated":true}]}}