{"id":1956,"date":"2018-02-06T14:07:39","date_gmt":"2018-02-06T14:07:39","guid":{"rendered":"https:\/\/www.hostalsatuna.com\/politica-de-cookies\/"},"modified":"2025-10-17T11:17:05","modified_gmt":"2025-10-17T11:17:05","slug":"politica-de-cookies","status":"publish","type":"page","link":"https:\/\/www.hostalsatuna.com\/fr\/politica-de-cookies\/","title":{"rendered":"Pol\u00edtica de Cookies"},"content":{"rendered":"<\/div><\/div><\/div><!-- close content main div --><\/div><\/div><div id='av_section_1' class='avia-section main_color avia-section-default avia-no-shadow avia-full-stretch avia-bg-style-scroll   av-minimum-height av-minimum-height-custom container_wrap fullsize' style = 'background-repeat: no-repeat; background-image: url(http:\/\/test.kriesi.at\/hotel\/wp-content\/uploads\/sites\/14\/2015\/07\/modern-home.jpg);background-attachment: scroll; background-position: center center; ' data-section-bg-repeat='stretch' ><div class='container' style='height:250px'><div class='template-page content  av-content-full alpha units'><div class='post-entry post-entry-type-page post-entry-1956'><div class='entry-content-wrapper clearfix'>\n<\/div><\/div><\/div><!-- close content main div --><\/div><\/div><div id='av_section_2' class='avia-section main_color avia-section-huge avia-no-border-styling avia-full-contain avia-bg-style-scroll   container_wrap fullsize' style = 'background-repeat: no-repeat; background-image: url(https:\/\/i0.wp.com\/www.hostalsatuna.com\/wp-content\/uploads\/2015\/07\/ornament-bg-top-small-1.png?fit=1500%2C190&ssl=1);background-attachment: scroll; background-position: top center; ' data-section-bg-repeat='contain' ><div class='container' ><div class='template-page content  av-content-full alpha units'><div class='post-entry post-entry-type-page post-entry-1956'><div class='entry-content-wrapper clearfix'>\n<div class=\"flex_column av_one_full  flex_column_div first  \" style='margin-top:-200px; margin-bottom:0px; padding:30px; background-color:#ffffff; border-radius:0px; '><div style='padding-bottom:20px; font-size:40px;' class='av-special-heading av-special-heading-h1  blockquote modern-quote modern-centered   av-inherit-size '><h1 class='av-special-heading-tag '  itemprop=\"headline\"  >Pol\u00edtica de Cookies<\/h1><div class='special-heading-border'><div class='special-heading-inner-border' ><\/div><\/div><\/div><\/div><div style=' margin-top:0px; margin-bottom:70px;'  class='hr hr-custom hr-center hr-icon-yes  '><span class='hr-inner   inner-border-av-border-fat' style=' width:50px; border-color:#f8f8f8;' ><span class='hr-inner-style'><\/span><\/span><span class='av-seperator-icon' style='color:#e5c80c;' aria-hidden='true' data-av_icon='\ue8ce' data-av_iconfont='entypo-fontello'><\/span><span class='hr-inner   inner-border-av-border-fat' style=' width:50px; border-color:#f8f8f8;' ><span class='hr-inner-style'><\/span><\/span><\/div>\n<div class=\"flex_column av_one_full  av-animated-generic bottom-to-top  flex_column_div av-zero-column-padding first  \" style='border-radius:0px; '><section class=\"av_textblock_section \"  itemscope=\"itemscope\" itemtype=\"https:\/\/schema.org\/CreativeWork\" ><div class='avia_textblock  '   itemprop=\"text\" ><p>Capa 1 \u2013 CONSENTIMIENTO COOKIES (AVISO EMERGENTE)<\/p>\n<p>Instrucciones para Configurar el Aviso Emergente de Cookies<\/p>\n<p>1. Solicitud de Consentimiento Previo<br \/>\nConfigure el sistema de cookies de forma que no se establezcan cookies en el navegador del usuario hasta que este otorgue un consentimiento claro y afirmativo mediante una acci\u00f3n espec\u00edfica (por ejemplo, hacer clic en \u00ab\u00a0Aceptar todas las cookies\u00a0\u00bb o \u00ab\u00a0Aceptar configuraci\u00f3n cookies\u00a0\u00bb).<br \/>\nNavegar o desplazarse en la web no puede interpretarse como consentimiento.<\/p>\n<p>2. Consentimiento Libre y No Forzado<br \/>\nAseg\u00farese de que el usuario pueda acceder al sitio web, incluso si decide rechazar todas las cookies (excepto las estrictamente necesarias).<br \/>\nNo utilice \u00ab\u00a0paredes de cookies\u00a0\u00bb que obliguen al usuario a aceptar cookies como condici\u00f3n de acceso a la web.<\/p>\n<p>3. Informaci\u00f3n Detallada y Transparente<br \/>\nIncluya enlaces o desplegables en el aviso emergente para acceder a esta informaci\u00f3n adicional.<br \/>\nPuede proporcionar al usuario una descripci\u00f3n clara y espec\u00edfica de todas las cookies y tecnolog\u00edas de seguimiento en uso. Para cada cookie, incluya:<br \/>\nNombre de la cookie<br \/>\nProp\u00f3sito (explicando claramente el uso que se le dar\u00e1)<br \/>\nProveedor de la cookie<br \/>\nTipo de cookie<br \/>\nFecha de caducidad<br \/>\n(*) Esta informaci\u00f3n puede mostrarse en el banner de consentimiento o en la pol\u00edtica de cookies, pero debe estar siempre accesible para que el usuario pueda consultarla en cualquier momento.<\/p>\n<p>4. Opciones Granulares de Consentimiento<br \/>\nAsegure que los usuarios puedan optar por aceptar o rechazar distintos tipos de cookies (por ejemplo: cookies de anal\u00edtica, de personalizaci\u00f3n, de publicidad).<br \/>\nAgregue un bot\u00f3n de \u00ab\u00a0Configurar cookies\u00a0\u00bb que permita la selecci\u00f3n granular y las opciones de \u00ab\u00a0Aceptar todas cookies\u00a0\u00bb y \u00ab\u00a0Rechazar cookies\u00a0\u00bb.<br \/>\nInstale un m\u00f3dulo espec\u00edfico para la configuraci\u00f3n granular, si es necesario.<\/p>\n<p>5. Dise\u00f1o del Aviso Emergente<br \/>\nLas acciones de \u00ab\u00a0Aceptar\u00a0\u00bb, \u00ab\u00a0Rechazar\u00a0\u00bb y \u00ab\u00a0Configurar cookies\u00a0\u00bb deben estar al mismo nivel visual (mismo color, tama\u00f1o y visibilidad), de forma que no sea m\u00e1s complicado para el usuario rechazar las cookies que aceptarlas.<br \/>\nNo incluya casillas preseleccionadas para ning\u00fan tipo de cookie excepto las estrictamente necesarias, que s\u00ed deben estar activadas por defecto.<\/p>\n<p>6. Documentaci\u00f3n del Consentimiento<br \/>\nAlmacene un registro de todos los consentimientos otorgados para fines de documentaci\u00f3n, asegurando que est\u00e9n guardados de forma segura.<br \/>\nConfigure el sistema para solicitar una renovaci\u00f3n del consentimiento cada 12 meses desde la primera visita del usuario.<br \/>\n7. Excepciones para Cookies T\u00e9cnicas<br \/>\nLas cookies de personalizaci\u00f3n necesarias (como la elecci\u00f3n de idioma o moneda) no requieren consentimiento cuando solo se usan para los fines espec\u00edficos indicados.<br \/>\nEvite el uso de estas cookies de personalizaci\u00f3n para cualquier otro fin, ya que en ese caso s\u00ed se requerir\u00eda el consentimiento.<\/p>\n<p>Panel Granular<br \/>\nCuando utilice cookies no exceptuadas para diferentes prop\u00f3sitos o de terceros, implemente un panel de configuraci\u00f3n granular.<br \/>\nPermita que el usuario seleccione las cookies que desea permitir y que pueda gestionar sus preferencias en cualquier momento.<br \/>\nAlgunas herramientas\/m\u00f3dulos:<br \/>\nhttps:\/\/addons.prestashop.com\/demo\/FO23164.html (Demo prestashop)<br \/>\nhttps:\/\/www.webtoffee.com\/product\/gdpr-cookie-consent\/\u00a0(WordPress)<br \/>\nwww.cookiebot.com<br \/>\nwww.cookiepro.com<br \/>\nEjemplos de Panel Granular<\/p>\n<p>Capa 2 \u2013 TEXTO POL\u00cdTICA DE COOKIES<\/p>\n<p>Texto para a\u00f1adir al footer de la web sobre la Pol\u00edtica de cookies<\/p>\n<p>POL\u00cdTICA DE COOKIES<\/p>\n<p>Este sitio web utiliza cookies propias y de terceros para ofrecerle una mejor experiencia y servicio. Al navegar o utilizar nuestros servicios el usuario acepta el uso que hacemos de las cookies. Sin embargo, el usuario tiene la opci\u00f3n de impedir la generaci\u00f3n de cookies y la eliminaci\u00f3n de las mismas.<\/p>\n<p>\u00bfQu\u00e9 es una cookie?<br \/>\nUna cookie es un peque\u00f1o fragmento de texto que los sitios Web env\u00edan al navegador y que se almacenan en el terminal del usuario, el cual puede ser un ordenador personal, un tel\u00e9fono m\u00f3vil, tablet, etc. Estos archivos permiten que el sitio Web recuerde informaci\u00f3n sobre su visita, como el idioma y las opciones preferidas, lo que puede facilitar su pr\u00f3xima visita y hacer que el sitio resulte m\u00e1s \u00fatil al personalizar su contenido. Las cookies desempe\u00f1an un papel muy importante, al mejorar la experiencia de uso de la Web.<\/p>\n<p>Tipos de cookies<br \/>\nSeg\u00fan la entidad que las gestione, las cookies pueden ser:<br \/>\nCookies propias: Son aquellas que se env\u00edan al equipo terminal del interesado desde un equipo o dominio gestionado por el propio editor y desde el que se presta el servicio solicitado por el usuario.<br \/>\nCookies de tercero: Son aquellas que se env\u00edan al equipo terminal del usuario desde un equipo o dominio que no es gestionado por el editor, sino por otra entidad que trata los datos obtenidos trav\u00e9s de las cookies.<\/p>\n<p>Seg\u00fan el plazo de tiempo que permanecen activadas:<br \/>\nCookies de sesi\u00f3n: Son un tipo de cookies dise\u00f1adas para recabar y almacenar datos mientras el usuario accede a una p\u00e1gina web. Se suelen emplear para almacenar informaci\u00f3n que solo interesa conservar para la prestaci\u00f3n del servicio solicitado por el usuario en una sola ocasi\u00f3n.<br \/>\nCookies persistentes: Son un tipo de cookies en el que los datos siguen almacenados en el terminal y pueden ser accedidos y tratados durante un periodo definido por el responsable de la cookie, y que puede ir de unos minutos a varios a\u00f1os.<\/p>\n<p>Seg\u00fan la finalidad para la que se traten los datos obtenidos a trav\u00e9s de las cookies, la web puede utilizar:<br \/>\nCookies t\u00e9cnicas &#8211; Son aqu\u00e9llas que permiten al usuario la navegaci\u00f3n a trav\u00e9s de la p\u00e1gina web o aplicaci\u00f3n y la utilizaci\u00f3n de las diferentes opciones o servicios que en ella existen. Por ejemplo, controlar el tr\u00e1fico y la comunicaci\u00f3n de datos, identificar la sesi\u00f3n, acceder a las partes web de acceso restringido, recordar los elementos que integran un pedido, realizar la solicitud de inscripci\u00f3n o participaci\u00f3n en un evento, utilizar elementos de seguridad durante la navegaci\u00f3n y almacenar contenidos para la difusi\u00f3n de videos o sonido.<br \/>\nCookies de personalizaci\u00f3n &#8211; Son aqu\u00e9llas que permiten al usuario acceder al servicio con algunas caracter\u00edsticas de car\u00e1cter general predefinidas en su terminal o que el propio usuario defina. Por ejemplo, el idioma, el tipo de navegador a trav\u00e9s del cual accede al servicio, el dise\u00f1o de contenidos seleccionado, geolocalizaci\u00f3n del terminal y la configuraci\u00f3n regional desde donde se accede al servicio.<br \/>\nCookies publicitarias &#8211; Son aquellas que permiten la gesti\u00f3n eficaz de los espacios publicitarios que se han incluido en la p\u00e1gina web o aplicaci\u00f3n desde la que se presta el servicio. Permiten adecuar el contenido de la publicidad para que esta sea relevante para el usuario y para evitar mostrar anuncios que el usuario ya haya visto.<br \/>\nCookies de an\u00e1lisis estad\u00edstico &#8211; Son aqu\u00e9llas que permiten realizar el seguimiento y an\u00e1lisis del comportamiento de los usuarios en los sitios web. La informaci\u00f3n recogida mediante este tipo de cookies se utiliza en la medici\u00f3n de la actividad de los sitios web, aplicaci\u00f3n o plataforma y para la elaboraci\u00f3n de perfiles de navegaci\u00f3n de los usuarios de dichos sitios, con el fin de introducir mejoras en el servicio en funci\u00f3n de los datos de uso que hacen los usuarios.<\/p>\n<p>Las cookies utilizadas en este sitio web las puede ver en el panel de configuraci\u00f3n y ajustar su configuraci\u00f3n en cualquier momento.<\/p>\n<p>Las cookies utilizadas en este sitio web est\u00e1n disponibles para consulta y ajuste en el panel de configuraci\u00f3n [a\u00f1adir enlace], al cual puede acceder y modificar sus preferencias en cualquier momento.<\/p>\n<p>[Nota: Si el banner de cookies detalla las cookies individuales, se puede incluir un hiperv\u00ednculo directo al panel de configuraci\u00f3n y omitir la tabla descriptiva, ya que cada cookie estar\u00e1 claramente descrita en el banner. Si el banner no pro\u00ba porciona esta informaci\u00f3n detallada, es necesario completar la siguiente tabla con la descripci\u00f3n precisa de cada cookie que utiliza el sitio.]<\/p>\n<p>La identificaci\u00f3n de qui\u00e9n utiliza las cookies, el tipo de cookies utilizadas y dem\u00e1s detalles, se indica a continuaci\u00f3n:<\/p>\n<p>A continuaci\u00f3n, se presenta la informaci\u00f3n detallada sobre las cookies utilizadas:<\/p>\n<p>(*) Puede informarse de las transferencias a terceros pa\u00edses que, en su caso, realizan los terceros identificados en esta pol\u00edtica de cookies en sus correspondientes pol\u00edticas (ver los enlaces facilitados en el apartado \u201cM\u00e1s informaci\u00f3n\u201d de la tabla anterior).<\/p>\n<p>Consentimiento<br \/>\nAl hacer clic en \u00ab\u00a0Aceptar cookies\u00a0\u00bb, acepta voluntariamente el tratamiento de datos y las cookies funcionaran de forma normal.<\/p>\n<p>Al hacer clic en \u201cRechazar cookies\u201d, \u00fanicamente se utilizar\u00e1n las cookies estrictamente necesarias y no vendemos, ni venderemos, ning\u00fan dato personal que te identifique directamente a terceros. Sin embargo, podemos proporcionar a terceros, como nuestros socios de marca, informaci\u00f3n sobre nuestros clientes y sus compras. Antes de hacerlo, nos aseguraremos de que esta informaci\u00f3n no te identifique, ya sea agreg\u00e1ndola, anonimiz\u00e1ndola o eliminando identificadores personales de la misma.<\/p>\n<p>Si aceptas un tipo de cookies y otro no,\u00a0se tratar\u00e1n los datos de las cookies aceptadas y del resto se mandar\u00e1n datos de forma que no te identifique.<\/p>\n<p>\u00bfC\u00f3mo administrar cookies en el navegador?<br \/>\nEl usuario tiene la opci\u00f3n de permitir, bloquear o eliminar las cookies instaladas en su equipo mediante la configuraci\u00f3n de las opciones del navegador instalado en su terminal:<\/p>\n<p>Firefox:<br \/>\nhttp:\/\/support.mozilla.org\/es\/kb\/habilitar-y-deshabilitar-cookies-que-los-sitios-we<\/p>\n<p>Chrome:<br \/>\nhttp:\/\/support.google.com\/chrome\/bin\/answer.py?hl=es&#038;answer=95647<\/p>\n<p>Internet Explorer:<br \/>\nhttps:\/\/support.microsoft.com\/es-es\/help\/278835\/how-to-delete-cookie-files-in-internet-explorer<\/p>\n<p>Microsoft Edge:<br \/>\nhttps:\/\/support.microsoft.com\/es-es\/help\/4468242\/microsoft-edge-browsing-data-and-privacy-microsoft-privacy<\/p>\n<p>Safari:<br \/>\nhttp:\/\/support.apple.com\/kb\/ph5042<\/p>\n<p>Opera:<br \/>\nhttp:\/\/help.opera.com\/Windows\/11.50\/es-ES\/cookies.html<\/p>\n<p>En algunos navegadores se pueden configurar reglas espec\u00edficas para administrar cookies por sitio web, lo que ofrece un control m\u00e1s preciso sobre la privacidad. Esto significa que se puede inhabilitar cookies de todos los sitios salvo de aquellos en los que se conf\u00ede.<\/p>\n<\/div><\/section><\/div>\n","protected":false},"excerpt":{"rendered":"","protected":false},"author":1,"featured_media":0,"parent":0,"menu_order":0,"comment_status":"closed","ping_status":"closed","template":"","meta":{"jetpack_post_was_ever_published":false,"footnotes":""},"aioseo_notices":[],"jetpack_sharing_enabled":true,"jetpack_shortlink":"https:\/\/wp.me\/P9Mp5Z-vy","_links":{"self":[{"href":"https:\/\/www.hostalsatuna.com\/fr\/wp-json\/wp\/v2\/pages\/1956"}],"collection":[{"href":"https:\/\/www.hostalsatuna.com\/fr\/wp-json\/wp\/v2\/pages"}],"about":[{"href":"https:\/\/www.hostalsatuna.com\/fr\/wp-json\/wp\/v2\/types\/page"}],"author":[{"embeddable":true,"href":"https:\/\/www.hostalsatuna.com\/fr\/wp-json\/wp\/v2\/users\/1"}],"replies":[{"embeddable":true,"href":"https:\/\/www.hostalsatuna.com\/fr\/wp-json\/wp\/v2\/comments?post=1956"}],"version-history":[{"count":2,"href":"https:\/\/www.hostalsatuna.com\/fr\/wp-json\/wp\/v2\/pages\/1956\/revisions"}],"predecessor-version":[{"id":1957,"href":"https:\/\/www.hostalsatuna.com\/fr\/wp-json\/wp\/v2\/pages\/1956\/revisions\/1957"}],"wp:attachment":[{"href":"https:\/\/www.hostalsatuna.com\/fr\/wp-json\/wp\/v2\/media?parent=1956"}],"curies":[{"name":"wp","href":"https:\/\/api.w.org\/{rel}","templated":true}]}}