{"id":1641,"date":"2015-07-16T09:12:51","date_gmt":"2015-07-16T09:12:51","guid":{"rendered":"https:\/\/www.hostalsatuna.com\/contacte\/"},"modified":"2019-11-17T11:29:25","modified_gmt":"2019-11-17T11:29:25","slug":"contact","status":"publish","type":"page","link":"https:\/\/www.hostalsatuna.com\/fr\/contact\/","title":{"rendered":"Contact"},"content":{"rendered":"<\/div><\/div><\/div><!-- close content main div --><\/div><\/div><div id='av_section_1' class='avia-section main_color avia-section-no-padding avia-no-border-styling avia-full-stretch avia-bg-style-scroll   av-arrow-down-section container_wrap fullsize' style = 'background-repeat: no-repeat; background-image: url(https:\/\/i0.wp.com\/www.hostalsatuna.com\/wp-content\/uploads\/2018\/03\/Satuna-010.jpg?fit=900%2C540&ssl=1);background-attachment: scroll; background-position: center center; ' data-section-bg-repeat='stretch' ><div class='container' ><div class='template-page content  av-content-full alpha units'><div class='post-entry post-entry-type-page post-entry-1641'><div class='entry-content-wrapper clearfix'>\n<div style='height:20px' class='hr hr-invisible  '><span class='hr-inner ' ><span class='hr-inner-style'><\/span><\/span><\/div>\n<div class=\"flex_column av_one_full  av-animated-generic bottom-to-top  avia-full-stretch flex_column_div first  \" style='padding:50px; background-color:rgba(255,255,255,0.6); border-radius:0px; '><p><form action=\"https:\/\/www.hostalsatuna.com\/fr\/contact\/\" method=\"post\"  class=\"avia_ajax_form av-form-labels-hidden    \" data-avia-form-id=\"1\" data-avia-redirect=''><fieldset><p class=' first_form  form_element form_element_half' id='element_avia_1_1'> <input name=\"avia_1_1\" class=\"text_input is_empty\" type=\"text\" id=\"avia_1_1\" value=\"\"  placeholder='Nom et pr\u00e9nom*'\/><\/p><p class=' form_element form_element_half' id='element_avia_2_1'> <input name=\"avia_2_1\" class=\"text_input is_empty\" type=\"text\" id=\"avia_2_1\" value=\"\"  placeholder='Affaire*'\/><\/p><p class=' first_form  form_element form_element_third' id='element_avia_3_1'> <input name=\"avia_3_1\" class=\"text_input is_empty\" type=\"text\" id=\"avia_3_1\" value=\"\"  placeholder='Asunto*'\/><\/p><p class=' first_form  form_element form_fullwidth' id='element_avia_4_1'> <input name=\"avia_4_1\" class=\"text_input is_email\" type=\"text\" id=\"avia_4_1\" value=\"\"  placeholder='E-Mail*'\/><\/p><div id='avia_5_1' class='av-form-text'><\/p>\n<hr \/>\n<p>\n<\/div><p class=' first_form  form_element form_element_half' id='element_avia_6_1'> <input name=\"avia_6_1\" class=\"avia_datepicker text_input \" type=\"text\" id=\"avia_6_1\" value=\"\" placeholder=\"Date d\u2019arriv\u00e9e\" \/><\/p><p class=' form_element form_element_half' id='element_avia_7_1'> <input name=\"avia_7_1\" class=\"avia_datepicker text_input \" type=\"text\" id=\"avia_7_1\" value=\"\" placeholder=\"Date de d\u00e9part\" \/><\/p><p class=' first_form  form_element form_element_half' id='element_avia_8_1'> <select  name=\"avia_8_1\" class=\"select \" id=\"avia_8_1\"><option  value =''>Adultes<\/option><option  value ='1'>1<\/option><option  value ='2'>2<\/option><option  value ='3'>3<\/option><option  value ='4'>4<\/option><option  value ='5'>5<\/option><option  value ='6'>6<\/option><option  value ='7'>7<\/option><option  value ='8'>8<\/option><option  value ='9'>9<\/option><option  value ='10'>10<\/option><option  value ='11'>11<\/option><option  value ='12'>12<\/option><\/select><\/p><p class=' form_element form_element_half' id='element_avia_9_1'> <select  name=\"avia_9_1\" class=\"select \" id=\"avia_9_1\"><option  value =''>Enfants<\/option><option  value ='1'>1<\/option><option  value ='2'>2<\/option><option  value ='3'>3<\/option><option  value ='4'>4<\/option><option  value ='5'>5<\/option><option  value ='6'>6<\/option><option  value ='7'>7<\/option><option  value ='8'>8<\/option><option  value ='9'>9<\/option><option  value ='10'>10<\/option><option  value ='11'>11<\/option><option  value ='12'>12<\/option><\/select><\/p><p class=' first_form  form_element form_fullwidth' id='element_avia_10_1'>\t <textarea  placeholder='Message*' name=\"avia_10_1\" class=\"text_area is_empty\" cols=\"40\" rows=\"7\" id=\"avia_10_1\" ><\/textarea><\/p><p class=\"hidden\"><input type=\"text\" name=\"avia_11_1\" class=\"hidden \" id=\"avia_11_1\" value=\"\" \/><\/p><p class='' id='element_avia_12_1'>    <span class='value_verifier_label'>0 + 5 = ?<\/span>    <input name=\"avia_12_1_verifier\" type=\"hidden\" id=\"avia_12_1_verifier\" value=\"357381311\"\/><label for=\"avia_12_1\">Pour prouver que vous \u00eates un humain, donnez le r\u00e9sultat de cette simple op\u00e9ration <abbr class=\"required\" title=\"requis\">*<\/abbr><\/label>    <input name=\"avia_12_1\" class=\"text_input captcha\" type=\"text\" id=\"avia_12_1\" value=\"\"\/><\/p><p class=\"form_element \"><input type=\"hidden\" value=\"1\" name=\"avia_generated_form1\" \/><input type=\"submit\" value=\"Envoyer\" class=\"button\"  data-sending-label=\"Envoi\"\/><\/p><\/fieldset><\/form><div id=\"ajaxresponse_1\" class=\"ajaxresponse ajaxresponse_1 hidden\"><\/div><br \/>\n<div style='height:60px' class='hr hr-invisible  '><span class='hr-inner ' ><span class='hr-inner-style'><\/span><\/span><\/div><\/p><\/div><\/div><\/div><\/div><!-- close content main div --><\/div><div class='av-extra-border-element border-extra-arrow-down'><div class='av-extra-border-outer'><div class='av-extra-border-inner'  style='background-color:#ffffff;' ><\/div><\/div><\/div><\/div><div id='av_section_2' class='avia-section main_color avia-section-huge avia-no-border-styling avia-full-contain avia-bg-style-scroll   av-arrow-down-section container_wrap fullsize' style = 'background-repeat: no-repeat; background-image: url(https:\/\/i0.wp.com\/www.hostalsatuna.com\/wp-content\/uploads\/2015\/07\/ornament-bg-top-small-1.png?fit=1500%2C190&ssl=1);background-attachment: scroll; background-position: top center; ' data-section-bg-repeat='contain' ><div class='container' ><div class='template-page content  av-content-full alpha units'><div class='post-entry post-entry-type-page post-entry-1641'><div class='entry-content-wrapper clearfix'>\n<div class=\"flex_column av_one_full  flex_column_div first  \" style='margin-top:-200px; margin-bottom:0px; padding:30px; background-color:#ffffff; border-radius:0px; '><div style='padding-bottom:20px; font-size:40px;' class='av-special-heading av-special-heading-h1  blockquote modern-quote modern-centered  av-inherit-size '><h1 class='av-special-heading-tag '  itemprop=\"headline\"  >Contact Hotel Satuna<\/h1><div class='special-heading-border'><div class='special-heading-inner-border' ><\/div><\/div><\/div><\/div><div style=' margin-top:0px; margin-bottom:70px;'  class='hr hr-custom hr-center hr-icon-yes  '><span class='hr-inner   inner-border-av-border-fat' style=' width:50px; border-color:#f8f8f8;' ><span class='hr-inner-style'><\/span><\/span><span class='av-seperator-icon' style='color:#e5c80c;' aria-hidden='true' data-av_icon='\ue8ce' data-av_iconfont='entypo-fontello'><\/span><span class='hr-inner   inner-border-av-border-fat' style=' width:50px; border-color:#f8f8f8;' ><span class='hr-inner-style'><\/span><\/span><\/div>\n<div class=\"flex_column av_one_half  av-animated-generic bottom-to-top  flex_column_div av-zero-column-padding first  \" style='border-radius:0px; '><p><section class=\"av_textblock_section \"  itemscope=\"itemscope\" itemtype=\"https:\/\/schema.org\/CreativeWork\" ><div class='avia_textblock  '   itemprop=\"text\" ><\/div><\/section><br \/>\n<div  data-size='gallery'  data-lightbox_size='large'  data-animation='slide'  data-ids='995,1010,942,978,969,605'  data-video_counter='0'  data-autoplay='true'  data-bg_slider='false'  data-slide_height=''  data-handle='av_slideshow'  data-interval='5'  data-class=' '  data-css_id=''  data-scroll_down=''  data-control_layout='av-control-default'  data-custom_markup=''  data-perma_caption=''  data-autoplay_stopper=''  data-image_attachment=''  data-min_height='0px'  data-default-height='80.94674556213'  class='avia-slideshow avia-slideshow-1  av-control-default av-default-height-applied avia-slideshow-gallery av_slideshow   avia-slide-slider '  itemprop=\"ImageObject\" itemscope=\"itemscope\" itemtype=\"https:\/\/schema.org\/ImageObject\" ><ul class='avia-slideshow-inner' style='padding-bottom: 63.905325443787%;'><li  class=' slide-1 ' ><div data-rel='slideshow-1' class='avia-slide-wrap'  ><img src='https:\/\/i0.wp.com\/www.hostalsatuna.com\/wp-content\/uploads\/2018\/03\/menjador-001.jpg?resize=845%2C540&ssl=1' width='845' height='540' title='menjador 001' alt=''  itemprop=\"thumbnailUrl\"   \/><\/div><\/li><li  class=' slide-2 ' ><div data-rel='slideshow-1' class='avia-slide-wrap'  ><img src='https:\/\/i0.wp.com\/www.hostalsatuna.com\/wp-content\/uploads\/2018\/03\/menjador-006.jpg?resize=845%2C540&ssl=1' width='845' height='540' title='menjador 006' alt=''  itemprop=\"thumbnailUrl\"   \/><\/div><\/li><li  class=' slide-3 ' ><div data-rel='slideshow-1' class='avia-slide-wrap'  ><img src='https:\/\/i0.wp.com\/www.hostalsatuna.com\/wp-content\/uploads\/2018\/02\/fons1-1.jpg?resize=845%2C684&ssl=1' width='845' height='684' title='Restaurante Satuna' alt=''  itemprop=\"thumbnailUrl\"   \/><\/div><\/li><\/ul><div class='avia-slideshow-arrows avia-slideshow-controls'><a href='#prev' class='prev-slide' aria-hidden='true' data-av_icon='\ue87c' data-av_iconfont='entypo-fontello'>Pr\u00e9c\u00e9dent<\/a><a href='#next' class='next-slide' aria-hidden='true' data-av_icon='\ue87d' data-av_iconfont='entypo-fontello'>Suivant<\/a><\/div><div class='avia-slideshow-dots avia-slideshow-controls'><a href='#1' class='goto-slide active' >1<\/a><a href='#2' class='goto-slide ' >2<\/a><a href='#3' class='goto-slide ' >3<\/a><\/div><\/div><\/p><\/div><div class=\"flex_column av_one_half  av-animated-generic bottom-to-top  flex_column_div av-zero-column-padding   \" style='border-radius:0px; '><section class=\"av_textblock_section \"  itemscope=\"itemscope\" itemtype=\"https:\/\/schema.org\/CreativeWork\" ><div class='avia_textblock  '   itemprop=\"text\" ><h3 class=\"widgettitle\">Hotel SaTuna<\/h3>\n<div class=\"textwidget\">\n<p>Passeig de l\u2019\u00c0ncora, 14<\/p>\n<p>Sa Tuna (Begur)<\/p>\n<p>17255 Girona.<\/p>\n<p>info@hostalsatuna.com<\/p>\n<p>Restaurant: +34 972 624 182<br \/>\nReservas Hotel: +34 972 624 182<\/p>\n<\/div>\n<\/div><\/section><\/div>\n<\/p>\n<div id='av_gmap_1' class='avia-google-map-container ' data-mapid='1' style='height: 550px;'><\/div>\n","protected":false},"excerpt":{"rendered":"","protected":false},"author":1,"featured_media":0,"parent":0,"menu_order":0,"comment_status":"open","ping_status":"closed","template":"","meta":{"jetpack_post_was_ever_published":false,"footnotes":""},"aioseo_notices":[],"jetpack_sharing_enabled":true,"jetpack_shortlink":"https:\/\/wp.me\/P9Mp5Z-qt","_links":{"self":[{"href":"https:\/\/www.hostalsatuna.com\/fr\/wp-json\/wp\/v2\/pages\/1641"}],"collection":[{"href":"https:\/\/www.hostalsatuna.com\/fr\/wp-json\/wp\/v2\/pages"}],"about":[{"href":"https:\/\/www.hostalsatuna.com\/fr\/wp-json\/wp\/v2\/types\/page"}],"author":[{"embeddable":true,"href":"https:\/\/www.hostalsatuna.com\/fr\/wp-json\/wp\/v2\/users\/1"}],"replies":[{"embeddable":true,"href":"https:\/\/www.hostalsatuna.com\/fr\/wp-json\/wp\/v2\/comments?post=1641"}],"version-history":[{"count":3,"href":"https:\/\/www.hostalsatuna.com\/fr\/wp-json\/wp\/v2\/pages\/1641\/revisions"}],"predecessor-version":[{"id":1666,"href":"https:\/\/www.hostalsatuna.com\/fr\/wp-json\/wp\/v2\/pages\/1641\/revisions\/1666"}],"wp:attachment":[{"href":"https:\/\/www.hostalsatuna.com\/fr\/wp-json\/wp\/v2\/media?parent=1641"}],"curies":[{"name":"wp","href":"https:\/\/api.w.org\/{rel}","templated":true}]}}