{"id":1611,"date":"2018-05-10T13:50:16","date_gmt":"2018-05-10T13:50:16","guid":{"rendered":"https:\/\/www.hostalsatuna.com\/companies\/"},"modified":"2019-11-17T11:20:24","modified_gmt":"2019-11-17T11:20:24","slug":"enterprises","status":"publish","type":"page","link":"https:\/\/www.hostalsatuna.com\/fr\/enterprises\/","title":{"rendered":"Enterprises"},"content":{"rendered":"<\/div><\/div><\/div><!-- close content main div --><\/div><\/div><div id='av_section_1' class='avia-section main_color avia-section-default avia-no-shadow avia-full-stretch avia-bg-style-scroll   av-minimum-height av-minimum-height-custom container_wrap fullsize' style = 'background-repeat: no-repeat; background-image: url(https:\/\/i0.wp.com\/www.hostalsatuna.com\/wp-content\/uploads\/2018\/05\/Sa-tuna-10.jpg?resize=1500%2C630&ssl=1);background-attachment: scroll; background-position: bottom center; ' data-section-bg-repeat='stretch' ><div class='container' style='height:250px'><div class='template-page content  av-content-full alpha units'><div class='post-entry post-entry-type-page post-entry-1611'><div class='entry-content-wrapper clearfix'>\n<\/div><\/div><\/div><!-- close content main div --><\/div><\/div><div id='av_section_2' class='avia-section main_color avia-section-small avia-no-border-styling avia-full-contain avia-bg-style-scroll   container_wrap fullsize' style = 'background-repeat: no-repeat; background-image: url(https:\/\/i0.wp.com\/www.hostalsatuna.com\/wp-content\/uploads\/2015\/07\/ornament-bg-top-small-1.png?fit=1500%2C190&ssl=1);background-attachment: scroll; background-position: top center; ' data-section-bg-repeat='contain' ><div class='container' ><div class='template-page content  av-content-full alpha units'><div class='post-entry post-entry-type-page post-entry-1611'><div class='entry-content-wrapper clearfix'>\n<section class=\"avia_codeblock_section  avia_code_block_0\"  itemscope=\"itemscope\" itemtype=\"https:\/\/schema.org\/CreativeWork\" ><div class='avia_codeblock '  itemprop=\"text\" > [avia_codeblock_placeholder uid=\"0\"] <\/div><\/section>\n<div class=\"flex_column av_one_full  flex_column_div first  \" style='margin-top:-120px; padding:30px; background-color:#ffffff; border-radius:0px; '><div style='padding-bottom:20px; font-size:40px;' class='av-special-heading av-special-heading-h1  blockquote modern-quote modern-centered   av-inherit-size '><h1 class='av-special-heading-tag '  itemprop=\"headline\"  >Hotel Sa Tuna<\/h1><div class='special-heading-border'><div class='special-heading-inner-border' ><\/div><\/div><\/div><\/div><div style=' margin-top:0px; margin-bottom:10px;'  class='hr hr-custom hr-center hr-icon-yes  '><span class='hr-inner   inner-border-av-border-fat' style=' width:50px; border-color:#f8f8f8;' ><span class='hr-inner-style'><\/span><\/span><span class='av-seperator-icon' style='color:#e5c80c;' aria-hidden='true' data-av_icon='\ue8ce' data-av_iconfont='entypo-fontello'><\/span><span class='hr-inner   inner-border-av-border-fat' style=' width:50px; border-color:#f8f8f8;' ><span class='hr-inner-style'><\/span><\/span><\/div>\n<div class=\"flex_column av_one_full  av-animated-generic bottom-to-top  flex_column_div av-zero-column-padding first  \" style='border-radius:0px; '><div style='padding-bottom:20px; ' class='av-special-heading av-special-heading-h2  blockquote modern-quote modern-centered   '><h2 class='av-special-heading-tag '  itemprop=\"headline\"  >S\u00e9jour pour entreprises<\/h2><div class='special-heading-border'><div class='special-heading-inner-border' ><\/div><\/div><\/div><\/div><div class=\"flex_column av_three_fifth  av-animated-generic bottom-to-top  flex_column_div av-zero-column-padding first  \" style='border-radius:0px; '><p><section class=\"av_textblock_section \"  itemscope=\"itemscope\" itemtype=\"https:\/\/schema.org\/CreativeWork\" ><div class='avia_textblock  '   itemprop=\"text\" ><p><span style=\"font-weight: 400;\">Gr\u00e2ce \u00e0 sa situation, H\u00f4tel Sa Tuna est parfait pour organiser un s\u00e9jour de r\u00eave pour votre entreprise, s\u2019amuser avec les activit\u00e9s de teambuilding et organiser r\u00e9unions dans un cadre d\u00e9tendu et calme.<\/span><\/p>\n<p><span style=\"font-weight: 400;\">Toutes les installations sont \u00e0 votre disposition pour cr\u00e9er un ambiance de travail ad\u00e9quat.<\/span><\/p>\n<p><span style=\"font-weight: 400;\">H\u00f4tel Sa Tuna dispose de chambres et espaces pour accueillir \u00e9v\u00e9nements d\u2019entreprises, salles de r\u00e9unions et restaurant gastronomique.<\/span><\/p>\n<p><strong>Activit\u00e9es pour groupes:<\/strong><\/p>\n<ul>\n<li><span style=\"font-weight: 400;\">Classes de cuisine<\/span><\/li>\n<li>Randonn\u00e9es guid\u00e9es<\/li>\n<li>D\u00e9gustation de vins<\/li>\n<li>Yoga \u00e0 la plage<\/li>\n<li>Th\u00e9rapie de rire<\/li>\n<li>Relaxation \u00e0 la plage<\/li>\n<li>Massages<\/li>\n<\/ul>\n<\/div><\/section><br \/>\n<div id='av-masonry-1' class='av-masonry  noHover av-flex-size av-large-gap av-hover-overlay-active av-masonry-col-flexible av-caption-always av-caption-style- av-masonry-gallery     '  ><div class='av-masonry-container isotope av-js-disabled ' ><div class='av-masonry-entry isotope-item av-masonry-item-no-image '><\/div><a href=\"https:\/\/i0.wp.com\/www.hostalsatuna.com\/wp-content\/uploads\/2018\/03\/background01op.jpg?fit=1230%2C523&ssl=1\" id='av-masonry-1-item-1339' data-av-masonry-item='1339' class='av-masonry-entry isotope-item post-1339 attachment type-attachment status-inherit hentry  av-masonry-item-with-image' title=\"\"  itemprop=\"thumbnailUrl\" ><div class='av-inner-masonry-sizer'><\/div><figure class='av-inner-masonry main_color'><div class=\"av-masonry-outerimage-container\"><div class=\"av-masonry-image-container\" ><img decoding=\"async\" src=\"https:\/\/i0.wp.com\/www.hostalsatuna.com\/wp-content\/uploads\/2018\/03\/background01op.jpg?fit=705%2C300&ssl=1\" title=\"background01op\" alt=\"\" \/><\/div><\/div><\/figure><\/a><!--end av-masonry entry--><a href=\"https:\/\/i0.wp.com\/www.hostalsatuna.com\/wp-content\/uploads\/2018\/03\/menjador-008.jpg?fit=900%2C540&ssl=1\" id='av-masonry-1-item-1654' data-av-masonry-item='1654' class='av-masonry-entry isotope-item post-1654 attachment type-attachment status-inherit hentry  av-masonry-item-with-image' title=\"\"  itemprop=\"thumbnailUrl\" ><div class='av-inner-masonry-sizer'><\/div><figure class='av-inner-masonry main_color'><div class=\"av-masonry-outerimage-container\"><div class=\"av-masonry-image-container\" ><img decoding=\"async\" src=\"https:\/\/i0.wp.com\/www.hostalsatuna.com\/wp-content\/uploads\/2018\/03\/menjador-008.jpg?fit=705%2C423&ssl=1\" title=\"menjador 008\" alt=\"\" \/><\/div><\/div><\/figure><\/a><!--end av-masonry entry--><a href=\"https:\/\/i0.wp.com\/www.hostalsatuna.com\/wp-content\/uploads\/2018\/03\/menjador-006.jpg?fit=900%2C540&ssl=1\" id='av-masonry-1-item-1652' data-av-masonry-item='1652' class='av-masonry-entry isotope-item post-1652 attachment type-attachment status-inherit hentry  av-masonry-item-with-image' title=\"\"  itemprop=\"thumbnailUrl\" ><div class='av-inner-masonry-sizer'><\/div><figure class='av-inner-masonry main_color'><div class=\"av-masonry-outerimage-container\"><div class=\"av-masonry-image-container\" ><img decoding=\"async\" src=\"https:\/\/i0.wp.com\/www.hostalsatuna.com\/wp-content\/uploads\/2018\/03\/menjador-006.jpg?fit=705%2C423&ssl=1\" title=\"menjador 006\" alt=\"\" \/><\/div><\/div><\/figure><\/a><!--end av-masonry entry--><a href=\"https:\/\/i0.wp.com\/www.hostalsatuna.com\/wp-content\/uploads\/2018\/03\/menjador-004.jpg?fit=900%2C540&ssl=1\" id='av-masonry-1-item-1650' data-av-masonry-item='1650' class='av-masonry-entry isotope-item post-1650 attachment type-attachment status-inherit hentry  av-masonry-item-with-image' title=\"\"  itemprop=\"thumbnailUrl\" ><div class='av-inner-masonry-sizer'><\/div><figure class='av-inner-masonry main_color'><div class=\"av-masonry-outerimage-container\"><div class=\"av-masonry-image-container\" ><img decoding=\"async\" src=\"https:\/\/i0.wp.com\/www.hostalsatuna.com\/wp-content\/uploads\/2018\/03\/menjador-004.jpg?fit=705%2C423&ssl=1\" title=\"menjador 004\" alt=\"\" \/><\/div><\/div><\/figure><\/a><!--end av-masonry entry--><a href=\"https:\/\/i0.wp.com\/www.hostalsatuna.com\/wp-content\/uploads\/2018\/03\/Satuna-011.jpg?fit=900%2C540&ssl=1\" id='av-masonry-1-item-1626' data-av-masonry-item='1626' class='av-masonry-entry isotope-item post-1626 attachment type-attachment status-inherit hentry  av-masonry-item-with-image' title=\"\"  itemprop=\"thumbnailUrl\" ><div class='av-inner-masonry-sizer'><\/div><figure class='av-inner-masonry main_color'><div class=\"av-masonry-outerimage-container\"><div class=\"av-masonry-image-container\" ><img decoding=\"async\" src=\"https:\/\/i0.wp.com\/www.hostalsatuna.com\/wp-content\/uploads\/2018\/03\/Satuna-011.jpg?fit=705%2C423&ssl=1\" title=\"Habitaci\u00f3n Hotel SaTuna\" alt=\"\" \/><\/div><\/div><\/figure><\/a><!--end av-masonry entry--><a href=\"https:\/\/i0.wp.com\/www.hostalsatuna.com\/wp-content\/uploads\/2018\/03\/Satuna-005.jpg?fit=900%2C601&ssl=1\" id='av-masonry-1-item-1629' data-av-masonry-item='1629' class='av-masonry-entry isotope-item post-1629 attachment type-attachment status-inherit hentry  av-masonry-item-with-image' title=\"\"  itemprop=\"thumbnailUrl\" ><div class='av-inner-masonry-sizer'><\/div><figure class='av-inner-masonry main_color'><div class=\"av-masonry-outerimage-container\"><div class=\"av-masonry-image-container\" ><img decoding=\"async\" src=\"https:\/\/i0.wp.com\/www.hostalsatuna.com\/wp-content\/uploads\/2018\/03\/Satuna-005.jpg?fit=705%2C471&ssl=1\" title=\"Habitaci\u00f3n Hotel SaTuna\" alt=\"\" \/><\/div><\/div><\/figure><\/a><!--end av-masonry entry--><a href=\"https:\/\/i0.wp.com\/www.hostalsatuna.com\/wp-content\/uploads\/2018\/03\/Satuna-007.jpg?fit=900%2C540&ssl=1\" id='av-masonry-1-item-1631' data-av-masonry-item='1631' class='av-masonry-entry isotope-item post-1631 attachment type-attachment status-inherit hentry  av-masonry-item-with-image' title=\"\"  itemprop=\"thumbnailUrl\" ><div class='av-inner-masonry-sizer'><\/div><figure class='av-inner-masonry main_color'><div class=\"av-masonry-outerimage-container\"><div class=\"av-masonry-image-container\" ><img decoding=\"async\" src=\"https:\/\/i0.wp.com\/www.hostalsatuna.com\/wp-content\/uploads\/2018\/03\/Satuna-007.jpg?fit=705%2C423&ssl=1\" title=\"Habitaci\u00f3n Hotel SaTuna\" alt=\"\" \/><\/div><\/div><\/figure><\/a><!--end av-masonry entry--><a href=\"https:\/\/i0.wp.com\/www.hostalsatuna.com\/wp-content\/uploads\/2018\/03\/menjador-003.jpg?fit=900%2C540&ssl=1\" id='av-masonry-1-item-1649' data-av-masonry-item='1649' class='av-masonry-entry isotope-item post-1649 attachment type-attachment status-inherit hentry  av-masonry-item-with-image' title=\"\"  itemprop=\"thumbnailUrl\" ><div class='av-inner-masonry-sizer'><\/div><figure class='av-inner-masonry main_color'><div class=\"av-masonry-outerimage-container\"><div class=\"av-masonry-image-container\" ><img decoding=\"async\" src=\"https:\/\/i0.wp.com\/www.hostalsatuna.com\/wp-content\/uploads\/2018\/03\/menjador-003.jpg?fit=705%2C423&ssl=1\" title=\"menjador 003\" alt=\"\" \/><\/div><\/div><\/figure><\/a><!--end av-masonry entry--><a href=\"https:\/\/i0.wp.com\/www.hostalsatuna.com\/wp-content\/uploads\/2018\/03\/menjador-010.jpg?fit=900%2C540&ssl=1\" id='av-masonry-1-item-1656' data-av-masonry-item='1656' class='av-masonry-entry isotope-item post-1656 attachment type-attachment status-inherit hentry  av-masonry-item-with-image' title=\"\"  itemprop=\"thumbnailUrl\" ><div class='av-inner-masonry-sizer'><\/div><figure class='av-inner-masonry main_color'><div class=\"av-masonry-outerimage-container\"><div class=\"av-masonry-image-container\" ><img decoding=\"async\" src=\"https:\/\/i0.wp.com\/www.hostalsatuna.com\/wp-content\/uploads\/2018\/03\/menjador-010.jpg?fit=705%2C423&ssl=1\" title=\"menjador 010\" alt=\"\" \/><\/div><\/div><\/figure><\/a><!--end av-masonry entry--><\/div><\/div><\/p><\/div><div class=\"flex_column av_two_fifth  av-animated-generic bottom-to-top  flex_column_div av-zero-column-padding   \" style='border-width:21px; border-color:#ede3e1; border-style:solid; background-color:#ede3e1; border-radius:20px; '><p><div style='height:20px' class='hr hr-invisible  '><span class='hr-inner ' ><span class='hr-inner-style'><\/span><\/span><\/div><br \/>\n<div style='padding-bottom:0px; font-size:22px;' class='av-special-heading av-special-heading-h3  blockquote modern-quote   av-inherit-size '><h3 class='av-special-heading-tag '  itemprop=\"headline\"  >Faire une r\u00e9servation<\/h3><div class='special-heading-border'><div class='special-heading-inner-border' ><\/div><\/div><\/div><br \/>\n<form action=\"https:\/\/www.hostalsatuna.com\/fr\/enterprises\/\" method=\"post\"  class=\"avia_ajax_form av-form-labels-visible    \" data-avia-form-id=\"1\" data-avia-redirect=''><fieldset><p class=' first_form  form_element form_fullwidth' id='element_avia_1_1'><label for=\"avia_1_1\">Nom et pr\u00e9nom <abbr class=\"required\" title=\"requis\">*<\/abbr><\/label> <input name=\"avia_1_1\" class=\"text_input is_empty\" type=\"text\" id=\"avia_1_1\" value=\"\" \/><\/p><p class=' first_form  form_element form_element_half' id='element_avia_2_1'><label for=\"avia_2_1\">Email <abbr class=\"required\" title=\"requis\">*<\/abbr><\/label> <input name=\"avia_2_1\" class=\"text_input is_email\" type=\"text\" id=\"avia_2_1\" value=\"\" \/><\/p><p class=' form_element form_element_half' id='element_avia_3_1'><label for=\"avia_3_1\">T\u00e9l\u00e9phone <abbr class=\"required\" title=\"requis\">*<\/abbr><\/label> <input name=\"avia_3_1\" class=\"text_input is_phone\" type=\"text\" id=\"avia_3_1\" value=\"\" \/><\/p><p class=' first_form  form_element form_element_half' id='element_avia_5_1'><label for=\"avia_5_1\">Nombre de personnes <abbr class=\"required\" title=\"requis\">*<\/abbr><\/label> <select  name=\"avia_5_1\" class=\"select is_empty\" id=\"avia_5_1\"><option  value ='2'>2<\/option><option  value ='3'>3<\/option><option  value ='4'>4<\/option><option  value ='5'>5<\/option><option  value ='6'>6<\/option><option  value ='7'>7<\/option><option  value ='8'>8<\/option><option  value ='9'>9<\/option><option  value ='10'>10<\/option><\/select><\/p><p class=' form_element form_element_half' id='element_avia_6_1'><label for=\"avia_6_1\">Date de l\u2019\u00e9v\u00e9nement <abbr class=\"required\" title=\"requis\">*<\/abbr><\/label> <input name=\"avia_6_1\" class=\"avia_datepicker text_input is_empty\" type=\"text\" id=\"avia_6_1\" value=\"\" placeholder=\"DD \/ MM \/ YY\" \/><\/p><p class=' first_form  form_element form_fullwidth av-last-visible-form-element' id='element_avia_7_1'>\t <label for=\"avia_7_1\" class=\"textare_label hidden textare_label_avia_7_1\"> Commentaires<\/label>\t <textarea  name=\"avia_7_1\" class=\"text_area \" cols=\"40\" rows=\"7\" id=\"avia_7_1\" ><\/textarea><\/p><p class=\"hidden\"><input type=\"text\" name=\"avia_8_1\" class=\"hidden \" id=\"avia_8_1\" value=\"\" \/><\/p><p class=\"form_element \"><input type=\"hidden\" value=\"1\" name=\"avia_generated_form1\" \/><input type=\"submit\" value=\"Envoyer\" class=\"button\"  data-sending-label=\"Envoi\"\/><\/p><\/fieldset><\/form><div id=\"ajaxresponse_1\" class=\"ajaxresponse ajaxresponse_1 hidden\"><\/div><\/p><\/div><div class=\"flex_column av_one_full  flex_column_div av-zero-column-padding first  \" style='border-radius:0px; '><p><div style='padding-bottom:20px; font-size:40px;' class='av-special-heading av-special-heading-h1  blockquote modern-quote modern-centered  av-inherit-size '><h1 class='av-special-heading-tag '  itemprop=\"headline\"  >Chambres<\/h1><div class='special-heading-border'><div class='special-heading-inner-border' ><\/div><\/div><\/div><br \/>\n<div id='av-masonry-2' class='av-masonry  noHover av-fixed-size av-large-gap av-hover-overlay-active av-masonry-col-3 av-caption-always av-caption-style-    '  ><div class='av-masonry-container isotope av-js-disabled ' ><div class='av-masonry-entry isotope-item av-masonry-item-no-image '><\/div><a href=\"https:\/\/www.hostalsatuna.com\/fr\/habitaciones\/chambre-llevant\/\" id='av-masonry-2-item-1617' data-av-masonry-item='1617' class='av-masonry-entry isotope-item post-1617 portfolio type-portfolio status-publish has-post-thumbnail hentry tag-habitaciones-fr portfolio_entries-habitacion-fr portfolio_entries-suite-doble-fr  av-masonry-item-with-image' title=\"Chambre Llevant\"  itemscope=\"itemscope\" itemtype=\"https:\/\/schema.org\/CreativeWork\" ><div class='av-inner-masonry-sizer'><\/div><figure class='av-inner-masonry main_color'><div class=\"av-masonry-outerimage-container\"><div class=\"av-masonry-image-container\" style=\"background-image: url(https:\/\/i0.wp.com\/www.hostalsatuna.com\/wp-content\/uploads\/2018\/03\/Satuna-009.jpg?fit=705%2C423&ssl=1);\"><\/div><\/div><figcaption class='av-inner-masonry-content site-background'><div class='av-inner-masonry-content-pos'><div class='av-inner-masonry-content-pos-content'><div class='avia-arrow'><\/div><h3 class='av-masonry-entry-title entry-title'  itemprop=\"headline\" >Chambre Llevant<\/h3><\/div><\/div><\/figcaption><\/figure><\/a><!--end av-masonry entry--><a href=\"https:\/\/www.hostalsatuna.com\/fr\/habitaciones\/chambre-ponent\/\" id='av-masonry-2-item-1624' data-av-masonry-item='1624' class='av-masonry-entry isotope-item post-1624 portfolio type-portfolio status-publish has-post-thumbnail hentry tag-habitaciones-fr portfolio_entries-suite-fr  av-masonry-item-with-image' title=\"Chambre Ponent\"  itemscope=\"itemscope\" itemtype=\"https:\/\/schema.org\/CreativeWork\" ><div class='av-inner-masonry-sizer'><\/div><figure class='av-inner-masonry main_color'><div class=\"av-masonry-outerimage-container\"><div class=\"av-masonry-image-container\" style=\"background-image: url(https:\/\/i0.wp.com\/www.hostalsatuna.com\/wp-content\/uploads\/2018\/03\/Satuna-011.jpg?fit=705%2C423&ssl=1);\"><\/div><\/div><figcaption class='av-inner-masonry-content site-background'><div class='av-inner-masonry-content-pos'><div class='av-inner-masonry-content-pos-content'><div class='avia-arrow'><\/div><h3 class='av-masonry-entry-title entry-title'  itemprop=\"headline\" >Chambre Ponent<\/h3><\/div><\/div><\/figcaption><\/figure><\/a><!--end av-masonry entry--><a href=\"https:\/\/www.hostalsatuna.com\/fr\/habitaciones\/chambre-mestral\/\" id='av-masonry-2-item-1625' data-av-masonry-item='1625' class='av-masonry-entry isotope-item post-1625 portfolio type-portfolio status-publish has-post-thumbnail hentry tag-habitaciones-fr portfolio_entries-suite-fr  av-masonry-item-with-image' title=\"Chambre Mestral\"  itemscope=\"itemscope\" itemtype=\"https:\/\/schema.org\/CreativeWork\" ><div class='av-inner-masonry-sizer'><\/div><figure class='av-inner-masonry main_color'><div class=\"av-masonry-outerimage-container\"><div class=\"av-masonry-image-container\" style=\"background-image: url(https:\/\/i0.wp.com\/www.hostalsatuna.com\/wp-content\/uploads\/2018\/03\/Satuna-003.jpg?fit=705%2C423&ssl=1);\"><\/div><\/div><figcaption class='av-inner-masonry-content site-background'><div class='av-inner-masonry-content-pos'><div class='av-inner-masonry-content-pos-content'><div class='avia-arrow'><\/div><h3 class='av-masonry-entry-title entry-title'  itemprop=\"headline\" >Chambre Mestral<\/h3><\/div><\/div><\/figcaption><\/figure><\/a><!--end av-masonry entry--><a href=\"https:\/\/www.hostalsatuna.com\/fr\/habitaciones\/chambre-xaloc\/\" id='av-masonry-2-item-1628' data-av-masonry-item='1628' class='av-masonry-entry isotope-item post-1628 portfolio type-portfolio status-publish has-post-thumbnail hentry tag-habitaciones-fr portfolio_entries-suite-fr portfolio_entries-suite-doble-fr  av-masonry-item-with-image' title=\"Chambre Xaloc\"  itemscope=\"itemscope\" itemtype=\"https:\/\/schema.org\/CreativeWork\" ><div class='av-inner-masonry-sizer'><\/div><figure class='av-inner-masonry main_color'><div class=\"av-masonry-outerimage-container\"><div class=\"av-masonry-image-container\" style=\"background-image: url(https:\/\/i0.wp.com\/www.hostalsatuna.com\/wp-content\/uploads\/2018\/03\/Satuna-005.jpg?fit=705%2C471&ssl=1);\"><\/div><\/div><figcaption class='av-inner-masonry-content site-background'><div class='av-inner-masonry-content-pos'><div class='av-inner-masonry-content-pos-content'><div class='avia-arrow'><\/div><h3 class='av-masonry-entry-title entry-title'  itemprop=\"headline\" >Chambre Xaloc<\/h3><\/div><\/div><\/figcaption><\/figure><\/a><!--end av-masonry entry--><a href=\"https:\/\/www.hostalsatuna.com\/fr\/habitaciones\/chambre-garbi\/\" id='av-masonry-2-item-1630' data-av-masonry-item='1630' class='av-masonry-entry isotope-item post-1630 portfolio type-portfolio status-publish has-post-thumbnail hentry tag-habitaciones-fr portfolio_entries-habitacion-fr portfolio_entries-suite-doble-fr  av-masonry-item-with-image' title=\"Chambre Garb\u00ed\"  itemscope=\"itemscope\" itemtype=\"https:\/\/schema.org\/CreativeWork\" ><div class='av-inner-masonry-sizer'><\/div><figure class='av-inner-masonry main_color'><div class=\"av-masonry-outerimage-container\"><div class=\"av-masonry-image-container\" style=\"background-image: url(https:\/\/i0.wp.com\/www.hostalsatuna.com\/wp-content\/uploads\/2018\/03\/Satuna-007.jpg?fit=705%2C423&ssl=1);\"><\/div><\/div><figcaption class='av-inner-masonry-content site-background'><div class='av-inner-masonry-content-pos'><div class='av-inner-masonry-content-pos-content'><div class='avia-arrow'><\/div><h3 class='av-masonry-entry-title entry-title'  itemprop=\"headline\" >Chambre Garb\u00ed<\/h3><\/div><\/div><\/figcaption><\/figure><\/a><!--end av-masonry entry--><\/div><\/div><\/p><\/div><\/p>\n","protected":false},"excerpt":{"rendered":"","protected":false},"author":1,"featured_media":0,"parent":0,"menu_order":0,"comment_status":"closed","ping_status":"closed","template":"","meta":{"jetpack_post_was_ever_published":false,"footnotes":""},"aioseo_notices":[],"jetpack_sharing_enabled":true,"jetpack_shortlink":"https:\/\/wp.me\/P9Mp5Z-pZ","_links":{"self":[{"href":"https:\/\/www.hostalsatuna.com\/fr\/wp-json\/wp\/v2\/pages\/1611"}],"collection":[{"href":"https:\/\/www.hostalsatuna.com\/fr\/wp-json\/wp\/v2\/pages"}],"about":[{"href":"https:\/\/www.hostalsatuna.com\/fr\/wp-json\/wp\/v2\/types\/page"}],"author":[{"embeddable":true,"href":"https:\/\/www.hostalsatuna.com\/fr\/wp-json\/wp\/v2\/users\/1"}],"replies":[{"embeddable":true,"href":"https:\/\/www.hostalsatuna.com\/fr\/wp-json\/wp\/v2\/comments?post=1611"}],"version-history":[{"count":3,"href":"https:\/\/www.hostalsatuna.com\/fr\/wp-json\/wp\/v2\/pages\/1611\/revisions"}],"predecessor-version":[{"id":1640,"href":"https:\/\/www.hostalsatuna.com\/fr\/wp-json\/wp\/v2\/pages\/1611\/revisions\/1640"}],"wp:attachment":[{"href":"https:\/\/www.hostalsatuna.com\/fr\/wp-json\/wp\/v2\/media?parent=1611"}],"curies":[{"name":"wp","href":"https:\/\/api.w.org\/{rel}","templated":true}]}}