{"id":1419,"date":"2016-02-19T21:19:32","date_gmt":"2016-02-19T21:19:32","guid":{"rendered":"https:\/\/www.hostalsatuna.com\/habitaciones\/"},"modified":"2026-04-01T17:22:07","modified_gmt":"2026-04-01T17:22:07","slug":"chambres","status":"publish","type":"page","link":"https:\/\/www.hostalsatuna.com\/fr\/chambres\/","title":{"rendered":"Chambres"},"content":{"rendered":"<\/div><\/div><\/div><!-- close content main div --><\/div><\/div><div id='av_section_1' class='avia-section main_color avia-section-default avia-no-shadow avia-full-stretch avia-bg-style-scroll   av-minimum-height av-minimum-height-custom container_wrap fullsize' style = 'background-repeat: no-repeat; background-image: url(https:\/\/i0.wp.com\/www.hostalsatuna.com\/wp-content\/uploads\/2018\/05\/Sa-tuna-12.jpg?resize=1500%2C630&ssl=1);background-attachment: scroll; background-position: bottom center; ' data-section-bg-repeat='stretch' ><div class='container' style='height:250px'><div class='template-page content  av-content-full alpha units'><div class='post-entry post-entry-type-page post-entry-1419'><div class='entry-content-wrapper clearfix'>\n<\/div><\/div><\/div><!-- close content main div --><\/div><\/div><div id='av_section_2' class='avia-section main_color avia-section-small avia-no-border-styling avia-full-contain avia-bg-style-scroll   container_wrap fullsize' style = 'background-repeat: no-repeat; background-image: url(https:\/\/i0.wp.com\/www.hostalsatuna.com\/wp-content\/uploads\/2015\/07\/ornament-bg-top-small-1.png?fit=1500%2C190&ssl=1);background-attachment: scroll; background-position: top center; ' data-section-bg-repeat='contain' ><div class='container' ><div class='template-page content  av-content-full alpha units'><div class='post-entry post-entry-type-page post-entry-1419'><div class='entry-content-wrapper clearfix'>\n<div class=\"flex_column av_one_full  flex_column_div first  \" style='margin-top:-120px; padding:30px; background-color:#ffffff; border-radius:0px; '><section class=\"avia_codeblock_section  avia_code_block_0\"  itemscope=\"itemscope\" itemtype=\"https:\/\/schema.org\/CreativeWork\" ><div class='avia_codeblock '  itemprop=\"text\" > [avia_codeblock_placeholder uid=\"0\"] <\/div><\/section><br \/>\n<div style='padding-bottom:20px; font-size:40px;' class='av-special-heading av-special-heading-h1  blockquote modern-quote modern-centered   av-inherit-size '><h1 class='av-special-heading-tag '  itemprop=\"headline\"  >Hotel Sa Tuna<\/h1><div class='special-heading-border'><div class='special-heading-inner-border' ><\/div><\/div><\/div><\/p><\/div><div style=' margin-top:0px; margin-bottom:10px;'  class='hr hr-custom hr-center hr-icon-yes  '><span class='hr-inner   inner-border-av-border-fat' style=' width:50px; border-color:#f8f8f8;' ><span class='hr-inner-style'><\/span><\/span><span class='av-seperator-icon' style='color:#e5c80c;' aria-hidden='true' data-av_icon='\ue8ce' data-av_iconfont='entypo-fontello'><\/span><span class='hr-inner   inner-border-av-border-fat' style=' width:50px; border-color:#f8f8f8;' ><span class='hr-inner-style'><\/span><\/span><\/div>\n<div class=\"flex_column av_one_fifth  av-animated-generic bottom-to-top  flex_column_div av-zero-column-padding first  \" style='border-radius:0px; '><\/div><div class=\"flex_column av_three_fifth  av-animated-generic bottom-to-top  flex_column_div av-zero-column-padding   \" style='border-radius:0px; '><p><div style='padding-bottom:20px; ' class='av-special-heading av-special-heading-h3  blockquote modern-quote modern-centered   '><div class ='av-subheading av-subheading_above  ' style='font-size:15px;'><p>Voulez-vous faire une r\u00e9s\u00e9rvation?<\/p>\n<\/div><h3 class='av-special-heading-tag '  itemprop=\"headline\"  >N\u2019h\u00e9sitez pas \u00e0 nous contacter<\/h3><div class='special-heading-border'><div class='special-heading-inner-border' ><\/div><\/div><\/div><br \/>\n<div class='avia-button-wrap avia-button-center '><a href='https:\/\/www.hostalsatuna.com\/fr\/chambres\/'  class='avia-button   avia-icon_select-yes-left-icon avia-color-theme-color avia-size-medium avia-position-center '   ><span class='avia_button_icon avia_button_icon_left ' aria-hidden='true' data-av_icon='\ue829' data-av_iconfont='entypo-fontello'><\/span><span class='avia_iconbox_title' >Contact<\/span><\/a><\/div><br \/>\n<section class=\"av_textblock_section \"  itemscope=\"itemscope\" itemtype=\"https:\/\/schema.org\/CreativeWork\" ><div class='avia_textblock  '   itemprop=\"text\" ><p style=\"text-align: center;\"><span style=\"font-weight: 400;\">Situ\u00e9 \u00e0 la merveilleuse Cala Sa Tuna \u00e0 la Costa Brava<\/span><\/p>\n<p style=\"text-align: center;\"><span style=\"font-weight: 400;\">L\u2019h\u00f4tel, qui autrefois \u00e9tait une maison de p\u00eacheurs a \u00e9t\u00e9 transform\u00e9e en Restaurant et Hotel le 1940.<\/span><\/p>\n<p style=\"text-align: center;\"><span style=\"font-weight: 400;\">Avec un restaurant gastronomique, avec les meilleures paellas de la zone, produits de proximit\u00e9, poissons grill\u00e9s du Cap de Begur et un grand assortiment de tapas\u00a0<\/span><\/p>\n<\/div><\/section><\/p><\/div><div class=\"flex_column av_one_fifth  av-animated-generic bottom-to-top  flex_column_div av-zero-column-padding   \" style='border-radius:0px; '><\/div><div class=\"flex_column av_one_full  flex_column_div av-zero-column-padding first  \" style='border-radius:0px; '><p><div style='padding-bottom:20px; font-size:40px;' class='av-special-heading av-special-heading-h1  blockquote modern-quote modern-centered  av-inherit-size '><h1 class='av-special-heading-tag '  itemprop=\"headline\"  >Chambres<\/h1><div class='special-heading-border'><div class='special-heading-inner-border' ><\/div><\/div><\/div><br \/>\n<div id='av-masonry-1' class='av-masonry  noHover av-fixed-size av-large-gap av-hover-overlay-active av-masonry-col-2 av-caption-always av-caption-style-    '  ><div class='av-masonry-container isotope av-js-disabled ' ><div class='av-masonry-entry isotope-item av-masonry-item-no-image '><\/div><a href=\"https:\/\/www.hostalsatuna.com\/fr\/habitaciones\/chambre-llevant\/\" id='av-masonry-1-item-1617' data-av-masonry-item='1617' class='av-masonry-entry isotope-item post-1617 portfolio type-portfolio status-publish has-post-thumbnail hentry tag-habitaciones-fr portfolio_entries-habitacion-fr portfolio_entries-suite-doble-fr  av-masonry-item-with-image' title=\"Chambre Llevant\"  itemscope=\"itemscope\" itemtype=\"https:\/\/schema.org\/CreativeWork\" ><div class='av-inner-masonry-sizer'><\/div><figure class='av-inner-masonry main_color'><div class=\"av-masonry-outerimage-container\"><div class=\"av-masonry-image-container\" style=\"background-image: url(https:\/\/i0.wp.com\/www.hostalsatuna.com\/wp-content\/uploads\/2018\/03\/Satuna-009.jpg?fit=705%2C423&ssl=1);\"><\/div><\/div><figcaption class='av-inner-masonry-content site-background'><div class='av-inner-masonry-content-pos'><div class='av-inner-masonry-content-pos-content'><div class='avia-arrow'><\/div><h3 class='av-masonry-entry-title entry-title'  itemprop=\"headline\" >Chambre Llevant<\/h3><\/div><\/div><\/figcaption><\/figure><\/a><!--end av-masonry entry--><a href=\"https:\/\/www.hostalsatuna.com\/fr\/habitaciones\/chambre-ponent\/\" id='av-masonry-1-item-1624' data-av-masonry-item='1624' class='av-masonry-entry isotope-item post-1624 portfolio type-portfolio status-publish has-post-thumbnail hentry tag-habitaciones-fr portfolio_entries-suite-fr  av-masonry-item-with-image' title=\"Chambre Ponent\"  itemscope=\"itemscope\" itemtype=\"https:\/\/schema.org\/CreativeWork\" ><div class='av-inner-masonry-sizer'><\/div><figure class='av-inner-masonry main_color'><div class=\"av-masonry-outerimage-container\"><div class=\"av-masonry-image-container\" style=\"background-image: url(https:\/\/i0.wp.com\/www.hostalsatuna.com\/wp-content\/uploads\/2018\/03\/Satuna-011.jpg?fit=705%2C423&ssl=1);\"><\/div><\/div><figcaption class='av-inner-masonry-content site-background'><div class='av-inner-masonry-content-pos'><div class='av-inner-masonry-content-pos-content'><div class='avia-arrow'><\/div><h3 class='av-masonry-entry-title entry-title'  itemprop=\"headline\" >Chambre Ponent<\/h3><\/div><\/div><\/figcaption><\/figure><\/a><!--end av-masonry entry--><a href=\"https:\/\/www.hostalsatuna.com\/fr\/habitaciones\/chambre-mestral\/\" id='av-masonry-1-item-1625' data-av-masonry-item='1625' class='av-masonry-entry isotope-item post-1625 portfolio type-portfolio status-publish has-post-thumbnail hentry tag-habitaciones-fr portfolio_entries-suite-fr  av-masonry-item-with-image' title=\"Chambre Mestral\"  itemscope=\"itemscope\" itemtype=\"https:\/\/schema.org\/CreativeWork\" ><div class='av-inner-masonry-sizer'><\/div><figure class='av-inner-masonry main_color'><div class=\"av-masonry-outerimage-container\"><div class=\"av-masonry-image-container\" style=\"background-image: url(https:\/\/i0.wp.com\/www.hostalsatuna.com\/wp-content\/uploads\/2018\/03\/Satuna-003.jpg?fit=705%2C423&ssl=1);\"><\/div><\/div><figcaption class='av-inner-masonry-content site-background'><div class='av-inner-masonry-content-pos'><div class='av-inner-masonry-content-pos-content'><div class='avia-arrow'><\/div><h3 class='av-masonry-entry-title entry-title'  itemprop=\"headline\" >Chambre Mestral<\/h3><\/div><\/div><\/figcaption><\/figure><\/a><!--end av-masonry entry--><a href=\"https:\/\/www.hostalsatuna.com\/fr\/habitaciones\/chambre-xaloc\/\" id='av-masonry-1-item-1628' data-av-masonry-item='1628' class='av-masonry-entry isotope-item post-1628 portfolio type-portfolio status-publish has-post-thumbnail hentry tag-habitaciones-fr portfolio_entries-suite-fr portfolio_entries-suite-doble-fr  av-masonry-item-with-image' title=\"Chambre Xaloc\"  itemscope=\"itemscope\" itemtype=\"https:\/\/schema.org\/CreativeWork\" ><div class='av-inner-masonry-sizer'><\/div><figure class='av-inner-masonry main_color'><div class=\"av-masonry-outerimage-container\"><div class=\"av-masonry-image-container\" style=\"background-image: url(https:\/\/i0.wp.com\/www.hostalsatuna.com\/wp-content\/uploads\/2018\/03\/Satuna-005.jpg?fit=705%2C471&ssl=1);\"><\/div><\/div><figcaption class='av-inner-masonry-content site-background'><div class='av-inner-masonry-content-pos'><div class='av-inner-masonry-content-pos-content'><div class='avia-arrow'><\/div><h3 class='av-masonry-entry-title entry-title'  itemprop=\"headline\" >Chambre Xaloc<\/h3><\/div><\/div><\/figcaption><\/figure><\/a><!--end av-masonry entry--><a href=\"https:\/\/www.hostalsatuna.com\/fr\/habitaciones\/chambre-garbi\/\" id='av-masonry-1-item-1630' data-av-masonry-item='1630' class='av-masonry-entry isotope-item post-1630 portfolio type-portfolio status-publish has-post-thumbnail hentry tag-habitaciones-fr portfolio_entries-habitacion-fr portfolio_entries-suite-doble-fr  av-masonry-item-with-image' title=\"Chambre Garb\u00ed\"  itemscope=\"itemscope\" itemtype=\"https:\/\/schema.org\/CreativeWork\" ><div class='av-inner-masonry-sizer'><\/div><figure class='av-inner-masonry main_color'><div class=\"av-masonry-outerimage-container\"><div class=\"av-masonry-image-container\" style=\"background-image: url(https:\/\/i0.wp.com\/www.hostalsatuna.com\/wp-content\/uploads\/2018\/03\/Satuna-007.jpg?fit=705%2C423&ssl=1);\"><\/div><\/div><figcaption class='av-inner-masonry-content site-background'><div class='av-inner-masonry-content-pos'><div class='av-inner-masonry-content-pos-content'><div class='avia-arrow'><\/div><h3 class='av-masonry-entry-title entry-title'  itemprop=\"headline\" >Chambre Garb\u00ed<\/h3><\/div><\/div><\/figcaption><\/figure><\/a><!--end av-masonry entry--><\/div><\/div><\/p><\/div><\/p>\n","protected":false},"excerpt":{"rendered":"","protected":false},"author":1,"featured_media":0,"parent":0,"menu_order":0,"comment_status":"closed","ping_status":"closed","template":"","meta":{"jetpack_post_was_ever_published":false,"footnotes":""},"aioseo_notices":[],"jetpack_sharing_enabled":true,"jetpack_shortlink":"https:\/\/wp.me\/P9Mp5Z-mT","_links":{"self":[{"href":"https:\/\/www.hostalsatuna.com\/fr\/wp-json\/wp\/v2\/pages\/1419"}],"collection":[{"href":"https:\/\/www.hostalsatuna.com\/fr\/wp-json\/wp\/v2\/pages"}],"about":[{"href":"https:\/\/www.hostalsatuna.com\/fr\/wp-json\/wp\/v2\/types\/page"}],"author":[{"embeddable":true,"href":"https:\/\/www.hostalsatuna.com\/fr\/wp-json\/wp\/v2\/users\/1"}],"replies":[{"embeddable":true,"href":"https:\/\/www.hostalsatuna.com\/fr\/wp-json\/wp\/v2\/comments?post=1419"}],"version-history":[{"count":7,"href":"https:\/\/www.hostalsatuna.com\/fr\/wp-json\/wp\/v2\/pages\/1419\/revisions"}],"predecessor-version":[{"id":2044,"href":"https:\/\/www.hostalsatuna.com\/fr\/wp-json\/wp\/v2\/pages\/1419\/revisions\/2044"}],"wp:attachment":[{"href":"https:\/\/www.hostalsatuna.com\/fr\/wp-json\/wp\/v2\/media?parent=1419"}],"curies":[{"name":"wp","href":"https:\/\/api.w.org\/{rel}","templated":true}]}}